{"id":1805,"date":"2023-06-16T14:35:56","date_gmt":"2023-06-16T14:35:56","guid":{"rendered":"https:\/\/unioiltransport.ro\/karrier\/"},"modified":"2023-10-03T16:24:06","modified_gmt":"2023-10-03T16:24:06","slug":"karrier","status":"publish","type":"page","link":"https:\/\/unioiltransport.ro\/hu\/karrier\/","title":{"rendered":"Karrier"},"content":{"rendered":"\t\t<div data-elementor-type=\"wp-page\" data-elementor-id=\"1805\" class=\"elementor elementor-1805 elementor-624\" data-elementor-post-type=\"page\">\n\t\t\t\t\t\t<section class=\"elementor-section elementor-top-section elementor-element elementor-element-6fb67a2 elementor-section-boxed elementor-section-height-default elementor-section-height-default\" data-id=\"6fb67a2\" data-element_type=\"section\" data-settings=\"{&quot;background_background&quot;:&quot;classic&quot;}\">\n\t\t\t\t\t\t\t<div class=\"elementor-background-overlay\"><\/div>\n\t\t\t\t\t\t\t<div class=\"elementor-container elementor-column-gap-default\">\n\t\t\t\t\t<div class=\"elementor-column elementor-col-50 elementor-top-column elementor-element elementor-element-dbe752a\" data-id=\"dbe752a\" data-element_type=\"column\">\n\t\t\t<div class=\"elementor-widget-wrap elementor-element-populated\">\n\t\t\t\t<div class=\"elementor-element elementor-element-db3de4d e-flex e-con-boxed e-con e-parent\" data-id=\"db3de4d\" data-element_type=\"container\">\n\t\t\t\t\t<div class=\"e-con-inner\">\n\t\t\t\t<div class=\"elementor-element elementor-element-8712f10 elementor-icon-list--layout-inline elementor-list-item-link-full_width elementor-invisible elementor-widget elementor-widget-icon-list\" data-id=\"8712f10\" data-element_type=\"widget\" data-settings=\"{&quot;_animation&quot;:&quot;fadeInUp&quot;}\" data-widget_type=\"icon-list.default\">\n\t\t\t\t<div class=\"elementor-widget-container\">\n\t\t\t\t\t\t\t<ul class=\"elementor-icon-list-items elementor-inline-items\">\n\t\t\t\t\t\t\t<li class=\"elementor-icon-list-item elementor-inline-item\">\n\t\t\t\t\t\t\t\t\t\t\t<a href=\"https:\/\/unioiltransport.ro\/acasa\/\">\n\n\t\t\t\t\t\t\t\t\t\t\t<span class=\"elementor-icon-list-text\">Home<\/span>\n\t\t\t\t\t\t\t\t\t\t\t<\/a>\n\t\t\t\t\t\t\t\t\t<\/li>\n\t\t\t\t\t\t<\/ul>\n\t\t\t\t\t\t<\/div>\n\t\t\t\t<\/div>\n\t\t\t\t<div class=\"elementor-element elementor-element-eb8c8d6 elementor-icon-list--layout-inline elementor-list-item-link-full_width elementor-invisible elementor-widget elementor-widget-icon-list\" data-id=\"eb8c8d6\" data-element_type=\"widget\" data-settings=\"{&quot;_animation&quot;:&quot;fadeInUp&quot;}\" data-widget_type=\"icon-list.default\">\n\t\t\t\t<div class=\"elementor-widget-container\">\n\t\t\t\t\t\t\t<ul class=\"elementor-icon-list-items elementor-inline-items\">\n\t\t\t\t\t\t\t<li class=\"elementor-icon-list-item elementor-inline-item\">\n\t\t\t\t\t\t\t\t\t\t\t<span class=\"elementor-icon-list-icon\">\n\t\t\t\t\t\t\t<i aria-hidden=\"true\" class=\"fas fa-caret-right\"><\/i>\t\t\t\t\t\t<\/span>\n\t\t\t\t\t\t\t\t\t\t<span class=\"elementor-icon-list-text\">Karrier<\/span>\n\t\t\t\t\t\t\t\t\t<\/li>\n\t\t\t\t\t\t<\/ul>\n\t\t\t\t\t\t<\/div>\n\t\t\t\t<\/div>\n\t\t\t\t\t<\/div>\n\t\t\t\t<\/div>\n\t\t\t\t\t<\/div>\n\t\t<\/div>\n\t\t\t\t<div class=\"elementor-column elementor-col-50 elementor-top-column elementor-element elementor-element-c3016f5 elementor-hidden-mobile\" data-id=\"c3016f5\" data-element_type=\"column\">\n\t\t\t<div class=\"elementor-widget-wrap elementor-element-populated\">\n\t\t\t\t\t\t<div class=\"elementor-element elementor-element-d728d9f elementor-invisible elementor-widget elementor-widget-heading\" data-id=\"d728d9f\" data-element_type=\"widget\" data-settings=\"{&quot;_animation&quot;:&quot;fadeInUp&quot;,&quot;_animation_delay&quot;:200}\" data-widget_type=\"heading.default\">\n\t\t\t\t<div class=\"elementor-widget-container\">\n\t\t\t\t\t<h1 class=\"elementor-heading-title elementor-size-default\">Karrier<\/h1>\t\t\t\t<\/div>\n\t\t\t\t<\/div>\n\t\t\t\t\t<\/div>\n\t\t<\/div>\n\t\t\t\t\t<\/div>\n\t\t<\/section>\n\t\t\t\t<section class=\"elementor-section elementor-top-section elementor-element elementor-element-1c927770 elementor-section-boxed elementor-section-height-default elementor-section-height-default\" data-id=\"1c927770\" data-element_type=\"section\" data-settings=\"{&quot;background_background&quot;:&quot;classic&quot;}\">\n\t\t\t\t\t\t<div class=\"elementor-container elementor-column-gap-no\">\n\t\t\t\t\t<div class=\"elementor-column elementor-col-100 elementor-top-column elementor-element elementor-element-5ebb2d95\" data-id=\"5ebb2d95\" data-element_type=\"column\">\n\t\t\t<div class=\"elementor-widget-wrap elementor-element-populated\">\n\t\t\t\t\t\t<section class=\"elementor-section elementor-inner-section elementor-element elementor-element-25a99d74 elementor-section-full_width elementor-section-height-min-height elementor-section-height-default\" data-id=\"25a99d74\" data-element_type=\"section\">\n\t\t\t\t\t\t<div class=\"elementor-container elementor-column-gap-custom\">\n\t\t\t\t\t<div class=\"elementor-column elementor-col-50 elementor-inner-column elementor-element elementor-element-44fa7a02 elementor-invisible\" data-id=\"44fa7a02\" data-element_type=\"column\" data-settings=\"{&quot;background_background&quot;:&quot;classic&quot;,&quot;animation&quot;:&quot;fadeInUp&quot;}\">\n\t\t\t<div class=\"elementor-widget-wrap elementor-element-populated\">\n\t\t\t\t\t<div class=\"elementor-background-overlay\"><\/div>\n\t\t\t\t\t\t<div class=\"elementor-element elementor-element-6803e22 ekit-equal-height-disable elementor-widget elementor-widget-elementskit-icon-box\" data-id=\"6803e22\" data-element_type=\"widget\" data-widget_type=\"elementskit-icon-box.default\">\n\t\t\t\t<div class=\"elementor-widget-container\">\n\t\t\t\t\t<div class=\"ekit-wid-con\" >        <!-- link opening -->\n                <!-- end link opening -->\n\n        <div class=\"elementskit-infobox text-left text- icon-lef-right-aligin elementor-animation-float   \">\n                        <div class=\"box-body\">\n                            <h3 class=\"elementskit-info-box-title\">\n                    Hivat\u00e1sos j\u00e1rm\u0171vezet\u0151k                <\/h3>\n                        \t\t  <p>Olyan j\u00e1rm\u0171vezet\u0151ket keres\u00fcnk, akik rendelkeznek tapasztalattal \u00e9s k\u00e9pes\u00edt\u00e9ssel a sz\u00e1ll\u00edtm\u00e1nyoz\u00e1s ter\u00fclet\u00e9n ...<\/p>\n                                        <div class=\"box-footer disable_hover_button\">\n                    <div class=\"btn-wraper\">\n                                                            <a href=\"https:\/\/unioiltransport.ro\/hu\/hivatasos-jarmuvezetok\/\"  target=\"_self\" rel=\"\" class=\"elementskit-btn whitespace--normal elementor-animation-float\">\n                                        R\u00e9szletek\n                                        <i aria-hidden=\"true\" class=\"icon icon-arrow-right\"><\/i>\n                                    <\/a>\n                                                        <\/div>\n                <\/div>\n                    <\/div>\n        \n        \n                <\/div>\n        <\/div>\t\t\t\t<\/div>\n\t\t\t\t<\/div>\n\t\t\t\t\t<\/div>\n\t\t<\/div>\n\t\t\t\t<div class=\"elementor-column elementor-col-50 elementor-inner-column elementor-element elementor-element-497ef47a elementor-invisible\" data-id=\"497ef47a\" data-element_type=\"column\" data-settings=\"{&quot;background_background&quot;:&quot;classic&quot;,&quot;animation&quot;:&quot;fadeInUp&quot;,&quot;animation_delay&quot;:200}\">\n\t\t\t<div class=\"elementor-widget-wrap elementor-element-populated\">\n\t\t\t\t\t<div class=\"elementor-background-overlay\"><\/div>\n\t\t\t\t\t\t<div class=\"elementor-element elementor-element-3b305ae0 ekit-equal-height-disable elementor-widget elementor-widget-elementskit-icon-box\" data-id=\"3b305ae0\" data-element_type=\"widget\" data-widget_type=\"elementskit-icon-box.default\">\n\t\t\t\t<div class=\"elementor-widget-container\">\n\t\t\t\t\t<div class=\"ekit-wid-con\" >        <!-- link opening -->\n                <!-- end link opening -->\n\n        <div class=\"elementskit-infobox text-left text- icon-lef-right-aligin elementor-animation-float   \">\n                        <div class=\"box-body\">\n                            <h3 class=\"elementskit-info-box-title\">\n                    Logisztikai szakemberek                <\/h3>\n                        \t\t  <p>Olyan logisztikai szakemberekre van sz\u00fcks\u00e9g\u00fcnk, akik k\u00e9pesek kezelni \u00e9s ...<\/p>\n                                        <div class=\"box-footer disable_hover_button\">\n                    <div class=\"btn-wraper\">\n                                                            <a href=\"https:\/\/unioiltransport.ro\/specialisti-in-logistica\/\"  target=\"_self\" rel=\"\" class=\"elementskit-btn whitespace--normal elementor-animation-float\">\n                                        R\u00e9szletek\n                                        <i aria-hidden=\"true\" class=\"icon icon-arrow-right\"><\/i>\n                                    <\/a>\n                                                        <\/div>\n                <\/div>\n                    <\/div>\n        \n        \n                <\/div>\n        <\/div>\t\t\t\t<\/div>\n\t\t\t\t<\/div>\n\t\t\t\t\t<\/div>\n\t\t<\/div>\n\t\t\t\t\t<\/div>\n\t\t<\/section>\n\t\t\t\t<section class=\"elementor-section elementor-inner-section elementor-element elementor-element-bd768bf elementor-section-full_width elementor-section-height-min-height elementor-section-height-default\" data-id=\"bd768bf\" data-element_type=\"section\">\n\t\t\t\t\t\t<div class=\"elementor-container elementor-column-gap-custom\">\n\t\t\t\t\t<div class=\"elementor-column elementor-col-50 elementor-inner-column elementor-element elementor-element-2d23800 elementor-invisible\" data-id=\"2d23800\" data-element_type=\"column\" data-settings=\"{&quot;background_background&quot;:&quot;classic&quot;,&quot;animation&quot;:&quot;fadeInUp&quot;}\">\n\t\t\t<div class=\"elementor-widget-wrap elementor-element-populated\">\n\t\t\t\t\t<div class=\"elementor-background-overlay\"><\/div>\n\t\t\t\t\t\t<div class=\"elementor-element elementor-element-7b2907d ekit-equal-height-disable elementor-widget elementor-widget-elementskit-icon-box\" data-id=\"7b2907d\" data-element_type=\"widget\" data-widget_type=\"elementskit-icon-box.default\">\n\t\t\t\t<div class=\"elementor-widget-container\">\n\t\t\t\t\t<div class=\"ekit-wid-con\" >        <!-- link opening -->\n                <!-- end link opening -->\n\n        <div class=\"elementskit-infobox text-left text- icon-lef-right-aligin elementor-animation-float   \">\n                        <div class=\"box-body\">\n                            <h3 class=\"elementskit-info-box-title\">\n                    T\u00e1mogat\u00f3 szem\u00e9lyzet                <\/h3>\n                        \t\t  <p>Olyan ter\u00fcleteken keres\u00fcnk szakembereket, mint a hum\u00e1n er\u0151forr\u00e1s ...<\/p>\n                                        <div class=\"box-footer disable_hover_button\">\n                    <div class=\"btn-wraper\">\n                                                            <a href=\"https:\/\/unioiltransport.ro\/hu\/tamogato-szemelyzet\/\"  target=\"_self\" rel=\"\" class=\"elementskit-btn whitespace--normal elementor-animation-float\">\n                                        R\u00e9szletek\n                                        <i aria-hidden=\"true\" class=\"icon icon-arrow-right\"><\/i>\n                                    <\/a>\n                                                        <\/div>\n                <\/div>\n                    <\/div>\n        \n        \n                <\/div>\n        <\/div>\t\t\t\t<\/div>\n\t\t\t\t<\/div>\n\t\t\t\t\t<\/div>\n\t\t<\/div>\n\t\t\t\t<div class=\"elementor-column elementor-col-50 elementor-inner-column elementor-element elementor-element-9281698 elementor-hidden-desktop elementor-hidden-tablet elementor-hidden-mobile elementor-invisible\" data-id=\"9281698\" data-element_type=\"column\" data-settings=\"{&quot;background_background&quot;:&quot;classic&quot;,&quot;animation&quot;:&quot;fadeInUp&quot;,&quot;animation_delay&quot;:200}\">\n\t\t\t<div class=\"elementor-widget-wrap elementor-element-populated\">\n\t\t\t\t\t<div class=\"elementor-background-overlay\"><\/div>\n\t\t\t\t\t\t<div class=\"elementor-element elementor-element-6dff5d0 ekit-equal-height-disable elementor-widget elementor-widget-elementskit-icon-box\" data-id=\"6dff5d0\" data-element_type=\"widget\" data-widget_type=\"elementskit-icon-box.default\">\n\t\t\t\t<div class=\"elementor-widget-container\">\n\t\t\t\t\t<div class=\"ekit-wid-con\" >        <!-- link opening -->\n                <!-- end link opening -->\n\n        <div class=\"elementskit-infobox text-left text- icon-lef-right-aligin elementor-animation-float   \">\n                        <div class=\"box-body\">\n                            <h3 class=\"elementskit-info-box-title\">\n                    Logisztikai szakemberek                <\/h3>\n                        \t\t  <p>Olyan logisztikai szakemberekre van sz\u00fcks\u00e9g\u00fcnk, akik k\u00e9pesek kezelni \u00e9s ...<\/p>\n                                        <div class=\"box-footer disable_hover_button\">\n                    <div class=\"btn-wraper\">\n                                                            <a href=\"#\"  target=\"_self\" rel=\"\" class=\"elementskit-btn whitespace--normal elementor-animation-float\">\n                                        R\u00e9szletek\n                                        <i aria-hidden=\"true\" class=\"icon icon-arrow-right\"><\/i>\n                                    <\/a>\n                                                        <\/div>\n                <\/div>\n                    <\/div>\n        \n        \n                <\/div>\n        <\/div>\t\t\t\t<\/div>\n\t\t\t\t<\/div>\n\t\t\t\t\t<\/div>\n\t\t<\/div>\n\t\t\t\t\t<\/div>\n\t\t<\/section>\n\t\t\t\t\t<\/div>\n\t\t<\/div>\n\t\t\t\t\t<\/div>\n\t\t<\/section>\n\t\t\t\t<section class=\"elementor-section elementor-top-section elementor-element elementor-element-3eb24fa4 elementor-reverse-tablet elementor-reverse-mobile elementor-section-boxed elementor-section-height-default elementor-section-height-default\" data-id=\"3eb24fa4\" data-element_type=\"section\" data-settings=\"{&quot;background_background&quot;:&quot;classic&quot;}\">\n\t\t\t\t\t\t<div class=\"elementor-container elementor-column-gap-default\">\n\t\t\t\t\t<div class=\"elementor-column elementor-col-100 elementor-top-column elementor-element elementor-element-2a3fc1e5\" data-id=\"2a3fc1e5\" data-element_type=\"column\">\n\t\t\t<div class=\"elementor-widget-wrap elementor-element-populated\">\n\t\t\t\t\t\t<div class=\"elementor-element elementor-element-7574568e elementor-invisible elementor-widget elementor-widget-heading\" data-id=\"7574568e\" data-element_type=\"widget\" data-settings=\"{&quot;_animation&quot;:&quot;fadeInUp&quot;,&quot;_animation_delay&quot;:200}\" data-widget_type=\"heading.default\">\n\t\t\t\t<div class=\"elementor-widget-container\">\n\t\t\t\t\t<h3 class=\"elementor-heading-title elementor-size-default\">Az egy\u00fcttm\u0171k\u00f6d\u00e9s el\u0151nyei<\/h3>\t\t\t\t<\/div>\n\t\t\t\t<\/div>\n\t\t\t\t<div class=\"elementor-element elementor-element-68bd1cbb elementor-widget elementor-widget-text-editor\" data-id=\"68bd1cbb\" data-element_type=\"widget\" data-widget_type=\"text-editor.default\">\n\t\t\t\t<div class=\"elementor-widget-container\">\n\t\t\t\t\t\t\t\t\t<p>Ha \u00e9rdekli, hogy csatlakozzon dinamikus csapatunkhoz \u00e9s hozz\u00e1j\u00e1ruljon folyamatos sikereinkhez, k\u00e9rj\u00fck, k\u00fcldje el \u00f6n\u00e9letrajz\u00e1t \u00e9s k\u00eds\u00e9r\u0151level\u00e9t a office@unioiltransport.ro c\u00edmre. Ha profilja megfelel a jelenlegi vagy j\u00f6v\u0151beli lehet\u0151s\u00e9geknek, felvessz\u00fck \u00d6nnel a kapcsolatot.<\/p>\n\t\t\t\t\t\t\t\t<\/div>\n\t\t\t\t<\/div>\n\t\t<div class=\"elementor-element elementor-element-c356287 e-con-full e-flex e-con e-parent\" data-id=\"c356287\" data-element_type=\"container\">\n\t\t<div class=\"elementor-element elementor-element-bd4ebc1 e-flex e-con-boxed e-con e-child\" data-id=\"bd4ebc1\" data-element_type=\"container\">\n\t\t\t\t\t<div class=\"e-con-inner\">\n\t\t\t\t<div class=\"elementor-element elementor-element-57475bf elementor-widget elementor-widget-text-editor\" data-id=\"57475bf\" data-element_type=\"widget\" data-widget_type=\"text-editor.default\">\n\t\t\t\t<div class=\"elementor-widget-container\">\n\t\t\t\t\t\t\t\t\t<p>Csatlakozzon az Unioil Transport csapat\u00e1hoz, \u00e9s fedezze fel azokat a karrierlehet\u0151s\u00e9geket, amelyek lehet\u0151v\u00e9 teszik, hogy egy dinamikus \u00e9s kih\u00edv\u00e1sokkal teli ter\u00fcleten fejl\u0151dj\u00f6n \u00e9s kiakn\u00e1zza a benne rejl\u0151 lehet\u0151s\u00e9geket. V\u00e1rjuk, hogy csatlakozzon tehets\u00e9ges csapatunkhoz!<\/p>\n\t\t\t\t\t\t\t\t<\/div>\n\t\t\t\t<\/div>\n\t\t\t\t\t<\/div>\n\t\t\t\t<\/div>\n\t\t<div class=\"elementor-element elementor-element-bf07b61 e-flex e-con-boxed e-con e-child\" data-id=\"bf07b61\" data-element_type=\"container\">\n\t\t\t\t\t<div class=\"e-con-inner\">\n\t\t\t\t<div class=\"elementor-element elementor-element-fe28cda elementor-widget elementor-widget-text-editor\" data-id=\"fe28cda\" data-element_type=\"widget\" data-widget_type=\"text-editor.default\">\n\t\t\t\t<div class=\"elementor-widget-container\">\n\t\t\t\t\t\t\t\t\t<p>Az Unioiln\u00e1l elk\u00f6telezettek vagyunk a befogad\u00f3 \u00e9s tisztess\u00e9ges munkak\u00f6rnyezet biztos\u00edt\u00e1sa mellett, ahol a soksz\u00edn\u0171s\u00e9get \u00e9rt\u00e9kelik \u00e9s megbecs\u00fclik. Az es\u00e9lyegyenl\u0151s\u00e9g \u00e9s a tisztelet elv\u00e9t hirdetj\u00fck minden alkalmazottunk sz\u00e1m\u00e1ra.<\/p>\n\t\t\t\t\t\t\t\t<\/div>\n\t\t\t\t<\/div>\n\t\t\t\t\t<\/div>\n\t\t\t\t<\/div>\n\t\t\t\t<\/div>\n\t\t\t\t<div class=\"elementor-element elementor-element-1feb1427 elementor-align-left elementor-widget elementor-widget-button\" data-id=\"1feb1427\" data-element_type=\"widget\" data-widget_type=\"button.default\">\n\t\t\t\t<div class=\"elementor-widget-container\">\n\t\t\t\t\t\t\t\t\t<div class=\"elementor-button-wrapper\">\n\t\t\t\t\t<a class=\"elementor-button elementor-button-link elementor-size-sm elementor-animation-float\" href=\"https:\/\/unioiltransport.ro\/contact\/\">\n\t\t\t\t\t\t<span class=\"elementor-button-content-wrapper\">\n\t\t\t\t\t\t<span class=\"elementor-button-icon\">\n\t\t\t\t<i aria-hidden=\"true\" class=\"icon icon-arrow-right\"><\/i>\t\t\t<\/span>\n\t\t\t\t\t\t\t\t\t<span class=\"elementor-button-text\">Kapcsolat<\/span>\n\t\t\t\t\t<\/span>\n\t\t\t\t\t<\/a>\n\t\t\t\t<\/div>\n\t\t\t\t\t\t\t\t<\/div>\n\t\t\t\t<\/div>\n\t\t\t\t\t<\/div>\n\t\t<\/div>\n\t\t\t\t\t<\/div>\n\t\t<\/section>\n\t\t\t\t<\/div>\n\t\t","protected":false},"excerpt":{"rendered":"<p>Home Karrier Karrier Hivat\u00e1sos j\u00e1rm\u0171vezet\u0151k Olyan j\u00e1rm\u0171vezet\u0151ket keres\u00fcnk, akik rendelkeznek tapasztalattal \u00e9s k\u00e9pes\u00edt\u00e9ssel a sz\u00e1ll\u00edtm\u00e1nyoz\u00e1s ter\u00fclet\u00e9n &#8230; R\u00e9szletek Logisztikai szakemberek Olyan logisztikai szakemberekre van sz\u00fcks\u00e9g\u00fcnk, akik k\u00e9pesek kezelni \u00e9s &#8230; R\u00e9szletek T\u00e1mogat\u00f3 szem\u00e9lyzet Olyan ter\u00fcleteken keres\u00fcnk szakembereket, mint a hum\u00e1n er\u0151forr\u00e1s &#8230; R\u00e9szletek Logisztikai szakemberek Olyan logisztikai szakemberekre van sz\u00fcks\u00e9g\u00fcnk, akik k\u00e9pesek kezelni \u00e9s &#8230; [&hellip;]<\/p>\n","protected":false},"author":1,"featured_media":0,"parent":0,"menu_order":0,"comment_status":"closed","ping_status":"closed","template":"elementor_header_footer","meta":{"footnotes":""},"class_list":["post-1805","page","type-page","status-publish","hentry"],"_links":{"self":[{"href":"https:\/\/unioiltransport.ro\/hu\/wp-json\/wp\/v2\/pages\/1805","targetHints":{"allow":["GET"]}}],"collection":[{"href":"https:\/\/unioiltransport.ro\/hu\/wp-json\/wp\/v2\/pages"}],"about":[{"href":"https:\/\/unioiltransport.ro\/hu\/wp-json\/wp\/v2\/types\/page"}],"author":[{"embeddable":true,"href":"https:\/\/unioiltransport.ro\/hu\/wp-json\/wp\/v2\/users\/1"}],"replies":[{"embeddable":true,"href":"https:\/\/unioiltransport.ro\/hu\/wp-json\/wp\/v2\/comments?post=1805"}],"version-history":[{"count":5,"href":"https:\/\/unioiltransport.ro\/hu\/wp-json\/wp\/v2\/pages\/1805\/revisions"}],"predecessor-version":[{"id":1940,"href":"https:\/\/unioiltransport.ro\/hu\/wp-json\/wp\/v2\/pages\/1805\/revisions\/1940"}],"wp:attachment":[{"href":"https:\/\/unioiltransport.ro\/hu\/wp-json\/wp\/v2\/media?parent=1805"}],"curies":[{"name":"wp","href":"https:\/\/api.w.org\/{rel}","templated":true}]}}